{"id":645,"date":"2015-07-09T12:18:41","date_gmt":"2015-07-09T10:18:41","guid":{"rendered":"http:\/\/crocodile-hagen.de\/?page_id=645"},"modified":"2022-04-21T11:59:25","modified_gmt":"2022-04-21T09:59:25","slug":"willkommen-im-crocodile","status":"publish","type":"page","link":"https:\/\/crocodile-hagen.de\/","title":{"rendered":"Willkommen im Crocodile"},"content":{"rendered":"<p>Ob Sie auf einen Caf\u00e9 am Nachmittag vorbeischauen oder einen Abend mit Freunden bei uns verbringen m\u00f6chten &#8211;<br \/>\nWir haben f\u00fcr jeden das Passende in angenehmen Ambiente parat.<br \/>\nUnser Angebot umfasst Caf\u00e9-Spezialit\u00e4ten,<br \/>\nwir verwenden nur ausgesuchte Bohnen eines schweizer Kaffeer\u00f6sters, zahlreiche alkoholfreie Getr\u00e4nke \u00fcber Cola hinaus,<br \/>\nf\u00fcnf Sorten Bier vom Fass, Internationale Flaschenbiere und Internationale Weine.<\/p>\n<p>F\u00fcr das leibliche Wohl ist ebenso gesorgt. Neben verschiedenen Kleinigkeiten bieten wir ganzt\u00e4gig einen saisonale wechselnde Auswahl kalter und warmer Speisen an.<br \/>\nF\u00fcr den gro\u00dfen Hunger stellen Sie sich einen unserer hausgemachten Burger zusammen, genie\u00dfen in geselliger Runde eine unserer Flammkuchen-Variationen oder sitzen im Sommer auf unserer Aussenterasse mit einem abwechslungsreichen, frischen Salat.<\/p>\n<p><strong>*** Montags ist Burgerspartag ***<\/strong><\/p>\n<p>Unsere Original 100% U.S. Beef Hamburger aus eigener Herstellung zum All-Inclusive Preis von 8,00 \u20ac bzw. 11,00 \u20ac f\u00fcr den 160 gr. oder 320 gr. Burger mit Bacon, Jalapenos und K\u00e4se.<\/p>\n<p>Cocktailliebhaber kommen genauso auf ihre Kosten. 40 Verschiedene Cocktails stehen zur Auswahl, sollte Ihrer nicht dabei sein bereiten wir ihn gerne f\u00fcr Sie zu.<br \/>\nF\u00fcr den ausgelassenen Abend stehen \u00fcber 100 verschiedene Spirituosen bereit, darunter feinste Obstbr\u00e4nde aus S\u00fcdtirol, verschiedene Sorten Gin und Rum.<br \/>\nDar\u00fcberhinaus halten wir f\u00fcr den erfahrenen Kenner 30 Sorten Whisk(e)y bereit.<\/p>\n<p>Sie wollen Spa\u00df und volles Haus?<\/p>\n<p>Besuchen Sie uns an einer unserer regelm\u00e4\u00dfig stattfindenden Musikveranstaltungen. Die Termine werden bei Facebook ver\u00f6ffentlicht und auf unserer Internetseite.<\/p>\n<p>F\u00fcr Veranstaltungen und Feiern treten Sie direkt mit uns in Kontakt. Von der kleinen Feier in geselliger Runde mit dem von Ihnen gew\u00fcnschten Essen bis zu geschlossenen Gesellschaften mit 200 Personen ist alles m\u00f6glich.<\/p>\n","protected":false},"excerpt":{"rendered":"<div class=\"entry-summary\">\n<div class=\"entry-summary\">\nOb Sie auf einen Caf\u00e9 am Nachmittag vorbeischauen oder einen Abend mit&hellip;\n<\/div>\n<div class=\"link-more\"><a href=\"https:\/\/crocodile-hagen.de\/\" class=\"more-link\">Continue reading<span class=\"screen-reader-text\"> &ldquo;Willkommen im Crocodile&rdquo;<\/span>&hellip;<\/a><\/div>\n<\/div>\n<div class=\"link-more\"><a href=\"https:\/\/crocodile-hagen.de\/\" class=\"more-link\">Continue reading<span class=\"screen-reader-text\"> &ldquo;Willkommen im Crocodile&rdquo;<\/span>&hellip;<\/a><\/div>\n","protected":false},"author":1,"featured_media":0,"parent":0,"menu_order":0,"comment_status":"closed","ping_status":"closed","template":"","meta":{"_acf_changed":false,"footnotes":""},"class_list":["post-645","page","type-page","status-publish","hentry","entry"],"acf":[],"jetpack_sharing_enabled":true,"_links":{"self":[{"href":"https:\/\/crocodile-hagen.de\/index.php?rest_route=\/wp\/v2\/pages\/645","targetHints":{"allow":["GET"]}}],"collection":[{"href":"https:\/\/crocodile-hagen.de\/index.php?rest_route=\/wp\/v2\/pages"}],"about":[{"href":"https:\/\/crocodile-hagen.de\/index.php?rest_route=\/wp\/v2\/types\/page"}],"author":[{"embeddable":true,"href":"https:\/\/crocodile-hagen.de\/index.php?rest_route=\/wp\/v2\/users\/1"}],"replies":[{"embeddable":true,"href":"https:\/\/crocodile-hagen.de\/index.php?rest_route=%2Fwp%2Fv2%2Fcomments&post=645"}],"version-history":[{"count":24,"href":"https:\/\/crocodile-hagen.de\/index.php?rest_route=\/wp\/v2\/pages\/645\/revisions"}],"predecessor-version":[{"id":786,"href":"https:\/\/crocodile-hagen.de\/index.php?rest_route=\/wp\/v2\/pages\/645\/revisions\/786"}],"wp:attachment":[{"href":"https:\/\/crocodile-hagen.de\/index.php?rest_route=%2Fwp%2Fv2%2Fmedia&parent=645"}],"curies":[{"name":"wp","href":"https:\/\/api.w.org\/{rel}","templated":true}]}}